{"id":11425,"date":"2021-01-22T08:32:23","date_gmt":"2021-01-22T08:32:23","guid":{"rendered":"https:\/\/merlaj.sk\/?page_id=11425"},"modified":"2023-08-11T15:04:44","modified_gmt":"2023-08-11T15:04:44","slug":"obchodne-podmienky","status":"publish","type":"page","link":"https:\/\/merlaj.sk\/en\/obchodne-podmienky\/","title":{"rendered":"Obchodn\u00e9 podmienky"},"content":{"rendered":"Prev\u00e1dzkovate\u013eom\u00a0tohto\u00a0internetov\u00e9ho\u00a0obchodu\u00a0je\u00a0Roman \u0160ipo\u0161 &#8211; Vin\u00e1rstvo MERLAJ SHR,\u00a0OBRANCOV MIERU 27,\u00a090201 PEZINOK, SLOVENSKO.\r\n\r\n\r\n\r\n\r\n\r\nI\u010cO:\u00a054948541\r\n\r\n\r\n\r\n\r\n\r\nDI\u010c:\u00a01083857885\r\n\r\n\r\n\r\n\r\n\r\nAk\u00a0vyjadr\u00ed\u00a0kupuj\u00faci\u00a0pri\u00a0objednan\u00ed\u00a0tovaru\u00a0s\u00fahlas\u00a0s\u00a0t\u00fdmito\u00a0obchodn\u00fdmi\u00a0podmienkami,\u00a0st\u00e1vaj\u00fa\u00a0sa\u00a0pre\u00a0obe\u00a0strany\u00a0z\u00e1v\u00e4zn\u00e9.\r\n\r\n\r\n\r\n\r\n<h2 class=\"wp-block-heading\">PROCES OBJEDNANIA TOVARU<\/h2>\r\n\r\n\r\n\r\n\r\nPredmetom\u00a0objedn\u00e1vky\u00a0m\u00f4\u017ee\u00a0by\u0165\u00a0len\u00a0tovar\u00a0uveden\u00fd\u00a0na\u00a0<a href=\"https:\/\/merlaj.sk\/en\/\" target=\"_blank\" rel=\"noreferrer noopener\">www.merlaj.sk<\/a>.\u00a0Kupuj\u00faci\u00a0si\u00a0objedn\u00e1\u00a0tovar\u00a0tak,\u00a0\u017ee\u00a0si\u00a0ho z\u00a0ponuky\u00a0vyberie\u00a0do\u00a0svojho\u00a0ko\u0161\u00edka.\u00a0Dokon\u010denie\u00a0objedn\u00e1vky\u00a0uskuto\u010dn\u00ed\u00a0kupuj\u00faci\u00a0v\u00a0n\u00e1kupnom\u00a0ko\u0161\u00edku. V\u00a0prvom\u00a0kroku\u00a0vid\u00ed\u00a0preh\u013ead\u00a0vybran\u00e9ho\u00a0tovaru.\u00a0N\u00e1sledne\u00a0si\u00a0zvol\u00ed\u00a0adresu\u00a0doru\u010denia\u00a0a\u00a0faktura\u010dn\u00fa\u00a0adresu,\u00a0vyberie\u00a0si\u00a0sp\u00f4sob\u00a0dopravy,\u00a0sp\u00f4sob\u00a0platby\u00a0a\u00a0vyjadr\u00ed\u00a0s\u00fahlas\u00a0s\u00a0obchodn\u00fdmi\u00a0podmienkami.\u00a0Kliknut\u00edm\u00a0na\u00a0tla\u010didlo\u00a0\u201eObjedna\u0165\u00a0s\u00a0povinnos\u0165ou\u00a0platby\u201c\u00a0si\u00a0tovar\u00a0z\u00e1v\u00e4zne\u00a0objedn\u00e1. Po\u00a0tomto\u00a0kroku\u00a0nie\u00a0je\u00a0mo\u017en\u00e9\u00a0objedn\u00e1vku\u00a0stornova\u0165.\r\n\r\n\r\n\r\n\r\n\r\nKupuj\u00faci\u00a0je v\u00a0objedn\u00e1vke\u00a0povinn\u00fd\u00a0pravdivo\u00a0vyplni\u0165\u00a0povinn\u00e9\u00a0\u00fadaje,\u00a0ktor\u00e9\u00a0sl\u00fa\u017eia\u00a0pre\u00a0spr\u00e1vne\u00a0doru\u010denie\u00a0objednan\u00e9ho\u00a0tovaru\u00a0a\u00a0vystavenie\u00a0da\u0148ov\u00e9ho\u00a0dokladu. U\u00a0fyzick\u00fdch\u00a0os\u00f4b\u00a0je to\u00a0meno,\u00a0priezvisko,\u00a0adresa\u00a0trval\u00e9ho\u00a0pobytu,\u00a0adresa\u00a0doru\u010denia\u00a0tovaru\u00a0(ak\u00a0nie\u00a0je\u00a0zhodn\u00e1\u00a0s\u00a0adresou\u00a0trval\u00e9ho\u00a0pobytu),\u00a0emailov\u00e1\u00a0adresa\u00a0a\u00a0\u010d\u00edslo\u00a0telef\u00f3nu,\u00a0na\u00a0ktorom\u00a0je\u00a0mo\u017en\u00e9\u00a0kupuj\u00faceho\u00a0kontaktova\u0165\u00a0za\u00a0\u00fa\u010delom\u00a0potvrdenia\u00a0objedn\u00e1vky.\r\n\r\n\r\n\r\n\r\n<h2 class=\"wp-block-heading\">STORNO OBJEDN\u00c1VKY<\/h2>\r\n\r\n\r\n\r\n\r\nPo\u00a0z\u00e1v\u00e4znom\u00a0objednan\u00ed\u00a0tovaru\u00a0nie\u00a0je\u00a0mo\u017en\u00e9\u00a0objedn\u00e1vku\u00a0stornova\u0165.\r\n\r\n\r\n\r\n\r\n<h3 class=\"wp-block-heading\">POVINNOSTI PRED\u00c1VAJ\u00daCEHO<\/h3>\r\n\r\n\r\n\r\n\r\nPred\u00e1vaj\u00faci\u00a0sa\u00a0zav\u00e4zuje:\u00a0Doda\u0165\u00a0dan\u00fd\u00a0druh\u00a0a\u00a0mno\u017estvo\u00a0tovaru\u00a0na\u00a0z\u00e1klade\u00a0objedn\u00e1vky\u00a0kupuj\u00faceho\u00a0v\u00a0cene\u00a0platnej\u00a0v\u00a0\u010dase\u00a0vystavenia\u00a0objedn\u00e1vky\u00a0a za\u00a0dohodnut\u00fdch\u00a0platobn\u00fdch\u00a0podmienok,\u00a0objednan\u00fd\u00a0tovar\u00a0adekv\u00e1tne\u00a0zabalen\u00fd\u00a0zasla\u0165\u00a0v\u00a0stanovenej\u00a0lehote 14 dn\u00ed\u00a0kupuj\u00facemu\u00a0na\u00a0n\u00edm\u00a0ur\u010den\u00fa\u00a0adresu\u00a0doru\u010denia.\u00a0Da\u0148ov\u00fd\u00a0doklad\u00a0o\u00a0predaji,\u00a0t.j.\u00a0fakt\u00faru,\u00a0po\u0161le\u00a0pred\u00e1vaj\u00faci\u00a0kupuj\u00facemu\u00a0mailom.\u00a0Pred\u00e1vaj\u00faci\u00a0nenesie\u00a0zodpovednos\u0165: Za\u00a0oneskoren\u00e9\u00a0dodanie\u00a0tovaru\u00a0zavinen\u00e9\u00a0kuri\u00e9rskou\u00a0spolo\u010dnos\u0165ou\u00a0a za\u00a0po\u0161kodenie\u00a0z\u00e1sielky\u00a0zavinen\u00e9\u00a0kuri\u00e9rskou\u00a0spolo\u010dnos\u0165ou.\r\n\r\n\r\n\r\n\r\n\r\nAk\u00a0d\u00f4jde\u00a0naraz\u00a0k\u00a0objednaniu\u00a0v\u00e4\u010d\u0161ieho\u00a0mno\u017estva\u00a0tovaru\u00a0viacer\u00fdmi\u00a0kupuj\u00facimi,\u00a0pred\u00e1vaj\u00faci\u00a0m\u00e1\u00a0pr\u00e1vo\u00a0kontaktova\u0165\u00a0kupuj\u00faceho\u00a0do 24\u00a0hod\u00edn\u00a0od\u00a0objednania\u00a0tovaru\u00a0a\u00a0dohodn\u00fa\u0165\u00a0si\u00a0s\u00a0n\u00edm\u00a0n\u00e1hradn\u00fd\u00a0term\u00edn\u00a0dodania,\u00a0pr\u00edpadne\u00a0zmenu\u00a0objedn\u00e1vky.\r\n\r\n\r\n\r\n\r\n<h3 class=\"wp-block-heading\">POVINNOSTI KUPUJ\u00daCEHO<\/h3>\r\n\r\n\r\n\r\n\r\nKupuj\u00faci\u00a0sa\u00a0zav\u00e4zuje: V\u00a0objedn\u00e1vke\u00a0resp. v\u00a0registr\u00e1cii\u00a0uvies\u0165\u00a0v\u00fdlu\u010dne\u00a0pravdiv\u00e9\u00a0\u00fadaje,\u00a0tak\u00a0aby bolo\u00a0mo\u017en\u00e9\u00a0spr\u00e1vne\u00a0a\u00a0v\u010das\u00a0doru\u010di\u0165\u00a0objednan\u00fd\u00a0tovar.\u00a0Zaplati\u0165\u00a0za\u00a0tovar\u00a0k\u00fapnu\u00a0cenu\u00a0v\u00a0plnej\u00a0v\u00fd\u0161ke, v\u00a0stanovenej\u00a0lehote\u00a0splatnosti\u00a0a v\u00a0zmysle\u00a0obchodn\u00fdch\u00a0podmienok\u00a0platn\u00fdch\u00a0v\u00a0de\u0148\u00a0odoslania\r\n\r\n\r\n\r\n\r\n\r\nobjedn\u00e1vky\u00a0a\u00a0jej\u00a0n\u00e1sledn\u00e9ho\u00a0potvrdenia\u00a0zo\u00a0strany\u00a0pred\u00e1vaj\u00faceho.\u00a0Objednan\u00fd\u00a0tovar\u00a0riadne\u00a0prevzia\u0165,\u00a0skontrolova\u0165\u00a0neporu\u0161enos\u0165\u00a0a v\u00a0pr\u00edpade\u00a0z\u00e1vad\u00a0sp\u00edsa\u0165\u00a0so\u00a0z\u00e1stupcom\u00a0prepravcu\u00a0z\u00e1pis\u00a0o\u00a0reklam\u00e1cii.\u00a0Iba\u00a0na\u00a0z\u00e1klade\u00a0tohto\u00a0z\u00e1pisu\u00a0je\u00a0mo\u017en\u00e9\u00a0uplatni\u0165\u00a0reklam\u00e1ciu.\u00a0Objednan\u00fd\u00a0tovar\u00a0sa\u00a0st\u00e1va\u00a0vlastn\u00edctvom\u00a0kupuj\u00faceho\u00a0po\u00a0\u00faplnom\u00a0zaplaten\u00ed\u00a0ceny\u00a0tovaru\u00a0v\u00a0zmysle\u00a0vystavenej\u00a0fakt\u00fary. V\u00a0pr\u00edpade\u00a0neprevzatia\u00a0objednan\u00e9ho\u00a0tovaru\u00a0si\u00a0pred\u00e1vaj\u00faci\u00a0bude\u00a0vo\u010di\u00a0kupuj\u00facemu\u00a0uplat\u0148ova\u0165\u00a0n\u00e1rok\u00a0na\u00a0n\u00e1hradu\u00a0vzniknutej\u00a0\u0161kody\u00a0vr\u00e1tane\u00a0u\u0161l\u00e9ho\u00a0zisku.\u00a0Kupuj\u00faci\u00a0prehlasuje,\u00a0\u017ee\u00a0ku\u00a0d\u0148u\u00a0odoslania\u00a0objedn\u00e1vky\u00a0dov\u0155\u0161il\u00a0vek\u00a0min. 18\u00a0rokov.\r\n\r\n\r\n\r\n\r\n<h3 class=\"wp-block-heading\">OCHRANA OSOBN\u00ddCH \u00daDAJOV<\/h3>\r\n\r\n\r\n\r\n\r\nZ\u00e1kazn\u00edk\u00a0odoslan\u00edm\u00a0objedn\u00e1vky\u00a0s\u00fahlas\u00ed\u00a0so\u00a0zhroma\u017e\u010fovan\u00edm\u00a0a\u00a0pou\u017e\u00edvan\u00edm\u00a0inform\u00e1ci\u00ed\u00a0o\u00a0sebe\u00a0a\u00a0uskuto\u010d\u0148ovan\u00fdch\u00a0n\u00e1kupoch.\u00a0Pred\u00e1vaj\u00faci\u00a0sa\u00a0zav\u00e4zuje,\u00a0\u017ee\u00a0neposkytne\u00a0\u017eiadne\u00a0osobn\u00e9\u00a0\u00fadaje\u00a0kupuj\u00faceho\u00a0a\u00a0ani\u00a0\u017eiadne\u00a0\u010fal\u0161ie\u00a0inform\u00e1cie\u00a0o\u00a0kupuj\u00facom\u00a0tretej\u00a0strane.\u00a0V\u00fdnimkou\u00a0s\u00fa\u00a0osobn\u00e9\u00a0\u00fadaje\u00a0kupuj\u00faceho\u00a0nutn\u00e9\u00a0na\u00a0doru\u010denie\u00a0tovaru,\u00a0poskytnut\u00e9\u00a0prepravcovi\u00a0a\u00a0\u00fadaje\u00a0poskytnut\u00e9\u00a0\u00fa\u010dtovnej\u00a0firme\u00a0pre\u00a0vykonanie\u00a0\u00fa\u010dtovn\u00edctva.\r\n\r\n\r\n\r\n\r\n<h2 class=\"wp-block-heading\">SP\u00d4SOB PLATBY<\/h2>\r\n\r\n\r\n\r\n\r\nTovar\u00a0objednan\u00fd\u00a0na\u00a0internetovej\u00a0str\u00e1nke\u00a0<a href=\"https:\/\/merlaj.sk\/en\/\" target=\"_blank\" rel=\"noreferrer noopener\">www.merlaj.sk<\/a>\u00a0je\u00a0mo\u017en\u00e9\u00a0zaplati\u0165\u00a0sp\u00f4sobom:\r\n\r\n\r\n\r\n\r\n<ul>\r\n \t<li style=\"list-style-type: none;\">\r\n<ul><\/ul>\r\n<\/li>\r\n<\/ul>\r\n&nbsp;\r\n<ul>\r\n \t<li style=\"list-style-type: none;\">\r\n<ul>\r\n \t<li>Prevodom\u00a0na\u00a0\u00fa\u010det,\u00a0tovar\u00a0bude\u00a0poslan\u00fd\u00a0kupuj\u00facemu\u00a0po\u00a0prip\u00edsan\u00ed\u00a0platby\u00a0na\u00a0\u00fa\u010det\u00a0pred\u00e1vaj\u00faceho<\/li>\r\n<\/ul>\r\n<\/li>\r\n<\/ul>\r\n\r\n\r\n\r\n<ul>\r\n \t<li style=\"list-style-type: none;\">\r\n<ul>\r\n \t<li>Platba kartou<\/li>\r\n<\/ul>\r\n<\/li>\r\n<\/ul>\r\n\r\n\r\n\r\n\r\n\r\n<h2 class=\"wp-block-heading\">ODST\u00daPENIE OD ZMLUVY<\/h2>\r\n\r\n\r\n\r\n\r\nV\u00a0zmysle\u00a0\u00a0\u00a7\u00a07, bod \u010d. 6,\u00a0p\u00edsmeno\u00a0f)\u00a0z\u00e1kona\u00a0\u010d. 102\/2014\u00a0Z.z.,\u00a0kupuj\u00faci\u00a0nem\u00f4\u017ee\u00a0odst\u00fapi\u0165\u00a0od\u00a0zmluvy\u00a0bez\u00a0udania\u00a0d\u00f4vodu,\u00a0ak\u00a0je\u00a0objednan\u00fdm\u00a0tovarom\u00a0v\u00edno.\r\n\r\n\r\n\r\n\r\n\r\nPri\u00a0ostatnom\u00a0tovare\u00a0v\u00a0internetovom\u00a0obchode\u00a0m\u00e1\u00a0kupuj\u00faci\u00a0pod\u013ea\u00a0vy\u0161\u0161ie\u00a0uveden\u00e9ho\u00a0z\u00e1kona\u00a0pr\u00e1vo\u00a0odst\u00fapi\u0165\u00a0od\u00a0zmluvy\u00a0bez\u00a0udania\u00a0d\u00f4vodu\u00a0do 14\u00a0pracovn\u00fdch\u00a0dn\u00ed\u00a0odo\u00a0d\u0148a\u00a0prevzatia\u00a0tovaru. Ak\u00a0sa\u00a0rozhodnete\u00a0pre\u00a0odst\u00fapenie\u00a0v\u00a0tejto\u00a0lehote, je\u00a0d\u00f4le\u017eit\u00e9\u00a0v\u00a0uvedenej\u00a0lehote\u00a0vr\u00e1ti\u0165\u00a0nepo\u0161koden\u00fd\u00a0tovar\u00a0za\u00a0dodr\u017eania\u00a0nasledovn\u00fdch\u00a0podmienok:\r\n\r\n\r\n\r\n\r\n<ul>\r\n \t<li style=\"list-style-type: none;\">\r\n<ul><\/ul>\r\n<\/li>\r\n<\/ul>\r\n&nbsp;\r\n<ul>\r\n \t<li style=\"list-style-type: none;\">\r\n<ul>\r\n \t<li>Odst\u00fapenie\u00a0od\u00a0zmluvy\u00a0mus\u00ed\u00a0by\u0165\u00a0uskuto\u010dnen\u00e9\u00a0p\u00edsomnou\u00a0formou,\u00a0mus\u00ed\u00a0obsahova\u0165\u00a0v\u0161etky\u00a0\u00fadaje\u00a0sl\u00fa\u017eiace\u00a0k\u00a0identifik\u00e1cii\u00a0tovaru,\u00a0pred\u00e1vaj\u00faceho\u00a0a\u00a0kupuj\u00faceho\u00a0a\u00a0mus\u00ed\u00a0by\u0165\u00a0vo\u00a0vy\u0161\u0161ie\u00a0uvedenej\u00a0lehote\u00a0doru\u010den\u00e9\u00a0spolu\u00a0s\u00a0tovarom\u00a0do\u00a0s\u00eddla\u00a0pred\u00e1vaj\u00faceho\u00a0na\u00a0n\u00e1klady\u00a0kupuj\u00faceho. V\u00a0p\u00edsomnom\u00a0odst\u00fapen\u00ed\u00a0uve\u010fte\u00a0\u010d\u00edslo\u00a0V\u00e1\u0161ho\u00a0\u00fa\u010dtu,\u00a0na\u00a0ktor\u00e9\u00a0m\u00e1\u00a0by\u0165\u00a0zaslan\u00e1\u00a0k\u00fapna\u00a0cena\u00a0za\u00a0tovar.<\/li>\r\n<\/ul>\r\n<\/li>\r\n<\/ul>\r\n\r\n\r\n\r\n<ul>\r\n \t<li style=\"list-style-type: none;\">\r\n<ul>\r\n \t<li>Ak\u00a0ste\u00a0u\u017e\u00a0tovar\u00a0obdr\u017eali\u00a0a\u00a0prevzali,\u00a0za\u0161lite\u00a0ho v\u00a0z\u00e1konnej\u00a0lehote\u00a0sp\u00e4\u0165\u00a0na\u00a0adresu:\u00a0Roman \u0160ipo\u0161 &#8211; Vin\u00e1rstvo MERLAJ,\u00a0Obrancov\u00a0mieru\u00a027, 90201 Pezinok.\u00a0Aby\u00a0ste\u00a0ako\u00a0kupuj\u00faci\u00a0mohli\u00a0odst\u00fapi\u0165\u00a0od\u00a0zmluvy\u00a0je\u00a0nutn\u00e9\u00a0dodr\u017ea\u0165\u00a0nasledovn\u00e9\u00a0podmienky:<\/li>\r\n<\/ul>\r\n<\/li>\r\n<\/ul>\r\n\r\n\r\n\r\n<ul>\r\n \t<li style=\"list-style-type: none;\">\r\n<ul>\r\n \t<li>tovar\u00a0mus\u00ed\u00a0by\u0165\u00a0v\u00a0p\u00f4vodnom\u00a0nepo\u0161kodenom\u00a0obale,<\/li>\r\n<\/ul>\r\n<\/li>\r\n<\/ul>\r\n\r\n\r\n\r\n<ul>\r\n \t<li style=\"list-style-type: none;\">\r\n<ul>\r\n \t<li>tovar\u00a0nesmie\u00a0by\u0165\u00a0pou\u017eit\u00fd,<\/li>\r\n<\/ul>\r\n<\/li>\r\n<\/ul>\r\n\r\n\r\n\r\n<ul>\r\n \t<li style=\"list-style-type: none;\">\r\n<ul>\r\n \t<li>tovar\u00a0mus\u00ed\u00a0by\u0165\u00a0nepo\u0161koden\u00fd,<\/li>\r\n<\/ul>\r\n<\/li>\r\n<\/ul>\r\n\r\n\r\n\r\n<ul>\r\n \t<li style=\"list-style-type: none;\">\r\n<ul>\r\n \t<li>tovar\u00a0mus\u00ed\u00a0by\u0165\u00a0kompletn\u00fd,<\/li>\r\n<\/ul>\r\n<\/li>\r\n<\/ul>\r\n\r\n\r\n\r\n<ul>\r\n \t<li style=\"list-style-type: none;\">\r\n<ul>\r\n \t<li>tovar\u00a0za\u0161lite\u00a0spolu\u00a0s\u00a0dokladom\u00a0o\u00a0k\u00fape\u00a0a s\u00a0p\u00edsomn\u00fdm\u00a0ozn\u00e1men\u00edm\u00a0o\u00a0odst\u00fapen\u00ed\u00a0od\u00a0zmluvy.<\/li>\r\n<\/ul>\r\n<\/li>\r\n<\/ul>\r\n\r\n\r\n\r\n<ul>\r\n \t<li style=\"list-style-type: none;\">\r\n<ul>\r\n \t<li>Doporu\u010dujeme\u00a0V\u00e1m, aby\u00a0ste\u00a0tovar\u00a0posielali\u00a0doporu\u010dene\u00a0a\u00a0poisten\u00fd,\u00a0nako\u013eko\u00a0neru\u010d\u00edme\u00a0za\u00a0jeho\u00a0pr\u00edpadn\u00fa\u00a0stratu,\u00a0\u010di\u00a0po\u0161kodenie\u00a0na\u00a0ceste\u00a0k\u00a0n\u00e1m.\u00a0Z\u00e1rove\u0148\u00a0budete\u00a0ma\u0165\u00a0doklad\u00a0o\u00a0tom,\u00a0\u017ee\u00a0ste\u00a0tovar\u00a0skuto\u010dne\u00a0odoslali\u00a0sp\u00e4\u0165.<\/li>\r\n<\/ul>\r\n<\/li>\r\n<\/ul>\r\n\r\n\r\n\r\n\r\n\r\n\r\nReklam\u00e1cie\u00a0Ak\u00a0kupuj\u00faci\u00a0preuk\u00e1\u017ee,\u00a0\u017ee\u00a0mu\u00a0bol\u00a0doru\u010den\u00fd\u00a0nespr\u00e1vny\u00a0tovar\u00a0alebo\u00a0zak\u00fapen\u00fd\u00a0tovar\u00a0mu\u00a0bol\u00a0dodan\u00fd\u00a0v\u00a0zlej\u00a0kvalite,\u00a0m\u00e1\u00a0n\u00e1rok\u00a0na\u00a0bezplatn\u00fa\u00a0v\u00fdmenu\u00a0tovaru,\u00a0alebo\u00a0vr\u00e1tenie\u00a0pe\u0148az\u00ed.\u00a0Kupuj\u00faci\u00a0zn\u00e1\u0161a\u00a0n\u00e1klady\u00a0na\u00a0vr\u00e1tenie\u00a0reklamovan\u00e9ho\u00a0tovaru.\u00a0Pred\u00e1vaj\u00faci\u00a0v\u00a0tomto\u00a0pr\u00edpade\u00a0nevracia\u00a0kupuj\u00facemu\u00a0cenu\u00a0za\u00a0prv\u00fa\u00a0prepravu.\r\n\r\n\r\n\r\n\r\n\r\nReklam\u00e1cie\u00a0s\u00fa\u00a0vybavovan\u00e9:\r\n\r\n\r\n\r\n\r\n<ul>\r\n \t<li style=\"list-style-type: none;\">\r\n<ul><\/ul>\r\n<\/li>\r\n<\/ul>\r\n&nbsp;\r\n<ul>\r\n \t<li style=\"list-style-type: none;\">\r\n<ul>\r\n \t<li>telefonicky\u00a0(v\u00a0pracovn\u00fdch\u00a0d\u0148och\u00a0na\u00a0telef\u00f3nnom\u00a0\u010d\u00edsle\u00a0+421\u00a0944\u00a0011 134)<\/li>\r\n<\/ul>\r\n<\/li>\r\n<\/ul>\r\n\r\n\r\n\r\n<ul>\r\n \t<li style=\"list-style-type: none;\">\r\n<ul>\r\n \t<li>e-mailom\u00a0(<a href=\"mailto:kontakt\" target=\"_blank\" rel=\"noreferrer noopener\">kontakt<\/a>@<a href=\"http:\/\/merlaj.sk\/en\/\" target=\"_blank\" rel=\"noreferrer noopener\">merlaj.sk<\/a>)<\/li>\r\n<\/ul>\r\n<\/li>\r\n<\/ul>\r\n\r\n\r\n\r\n<ul>\r\n \t<li style=\"list-style-type: none;\">\r\n<ul>\r\n \t<li>po\u0161tou\u00a0(Roman \u0160ipo\u0161 &#8211; Vin\u00e1rstvo MERLAJ,\u00a0Obrancov\u00a0mieru\u00a027, 90201 Pezinok)<\/li>\r\n<\/ul>\r\n<\/li>\r\n<\/ul>\r\n\r\n\r\n\r\n\r\n\r\n\r\nUpozor\u0148ujeme,\u00a0\u017ee\u00a0v\u00a0na\u0161ich\u00a0v\u00ednach,\u00a0ktor\u00e9\u00a0nie\u00a0s\u00fa\u00a0chemicky\u00a0o\u0161etrovan\u00e9,\u00a0sa\u00a0m\u00f4\u017ee\u00a0v\u00a0podobe\u00a0bielych\u00a0kry\u0161t\u00e1likov\u00a0vyzr\u00e1\u017ea\u0165\u00a0hydrog\u00e9nv\u00ednan\u00a0draseln\u00fd,\u00a0zn\u00e1my\u00a0tie\u017e\u00a0ako\u00a0v\u00ednny\u00a0kame\u0148.\u00a0Nijako\u00a0neovplyv\u0148uje\u00a0chu\u0165, ani\u00a0v\u00f4\u0148u\u00a0v\u00edna.\u00a0V\u00ednny\u00a0kame\u0148\u00a0preto\u00a0nie\u00a0je\u00a0d\u00f4vodom\u00a0pre\u00a0reklam\u00e1ciu.\r\n\r\n\r\n\r\n\r\n\r\nAby\u00a0ste\u00a0predi\u0161li\u00a0znehodnoteniu\u00a0v\u00edna\u00a0a\u00a0pr\u00edpadn\u00fdm\u00a0reklam\u00e1ci\u00e1m,\u00a0dodr\u017eujte\u00a0pros\u00edm\u00a0z\u00e1sady\u00a0spr\u00e1vneho\u00a0skladovania\u00a0nafla\u0161kovan\u00e9ho\u00a0v\u00edna.\u00a0Fla\u0161kov\u00e9\u00a0v\u00edna\u00a0skladujeme\u00a0v\u00a0such\u00fdch,\u00a0tmav\u00fdch\u00a0miestnostiach\u00a0v\u00a0stojanoch\u00a0ur\u010den\u00fdch\u00a0na\u00a0ich\u00a0skladovanie. Tie\u00a0umo\u017e\u0148uj\u00fa\u00a0v\u00edno\u00a0ulo\u017ei\u0165\u00a0vodorovne,\u00a0\u010do\u00a0zaru\u010duje,\u00a0\u017ee\u00a0korok,\u00a0ktor\u00fdm\u00a0s\u00fa\u00a0uzavret\u00e9, je\u00a0st\u00e1le\u00a0vlhk\u00fd\u00a0a\u00a0nevysych\u00e1. Ak by\u00a0sa\u00a0tak\u00a0stalo,\u00a0mohol\u00a0by\u00a0sa\u00a0do\u00a0f\u013ea\u0161e\u00a0vzniknut\u00fdmi\u00a0p\u00f3rmi\u00a0v\u00a0korkovom\u00a0uz\u00e1vere\u00a0dosta\u0165\u00a0vzduch,\u00a0ktor\u00fd\u00a0najm\u00e4\u00a0pri\u00a0zmen\u00e1ch\u00a0tepl\u00f4t\u00a0p\u00f4sob\u00ed\u00a0nepriaznivo\u00a0na\u00a0akos\u0165\u00a0v\u00edna.\u00a0Teplota\u00a0v\u00a0miestnosti\u00a0by\u00a0nemala\u00a0kol\u00edsa\u0165\u00a0a mala by\u00a0by\u0165\u00a0st\u00e1la.\u00a0V\u00edno\u00a0skladujeme\u00a0pri\u00a0teplot\u00e1ch\u00a010 \u2013 15\u00b0C.\u00a0Pred\u00a0exped\u00edciou\u00a0z\u00a0n\u00e1\u0161ho\u00a0skladu\u00a0k\u00a0V\u00e1m\u00a0je\u00a0v\u00edno\u00a0vizu\u00e1lne\u00a0prekontrolovan\u00e9\u00a0na\u00a0pr\u00edpadn\u00e9\u00a0z\u00e1vady.\r\n\r\n\r\n\r\n\r\n<h2 class=\"wp-block-heading\">CENY<\/h2>\r\n\r\n\r\n\r\n\r\nFirma\u00a0nie\u00a0je\u00a0platcom\u00a0DPH.\u00a0V\u0161etky\u00a0ceny\u00a0uveden\u00e9\u00a0na\u00a0str\u00e1nkach\u00a0s\u00fa\u00a0kone\u010dn\u00e9.\u00a0Ceny\u00a0uveden\u00e9\u00a0na\u00a0na\u0161ej\u00a0internetovej\u00a0str\u00e1nke\u00a0s\u00fa\u00a0platn\u00e9\u00a0v\u00a0\u010dase\u00a0objednania\u00a0tovaru.\u00a0K\u00fapna\u00a0cena\u00a0bude\u00a0pova\u017eovan\u00e1\u00a0za\u00a0zaplaten\u00fa\u00a0a\u017e\u00a0prip\u00edsan\u00edm\u00a0celej\u00a0k\u00fapnej\u00a0ceny\u00a0na\u00a0\u00fa\u010det\u00a0pred\u00e1vaj\u00faceho.\u00a0Pred\u00e1vaj\u00faci\u00a0si\u00a0vyhradzuje\u00a0vlastn\u00edcke\u00a0pr\u00e1vo\u00a0k\u00a0tovaru\u00a0a\u017e\u00a0do\u00a0\u00fapln\u00e9ho\u00a0zaplatenia\u00a0k\u00fapnej\u00a0ceny.","protected":false},"excerpt":{"rendered":"<p>Prev\u00e1dzkovate\u013eom\u00a0tohto\u00a0internetov\u00e9ho\u00a0obchodu\u00a0je\u00a0Roman \u0160ipo\u0161 &#8211; Vin\u00e1rstvo MERLAJ SHR,\u00a0OBRANCOV MIERU 27,\u00a090201 PEZINOK, SLOVENSKO. I\u010cO:\u00a054948541 DI\u010c:\u00a01083857885 Ak\u00a0vyjadr\u00ed\u00a0kupuj\u00faci\u00a0pri\u00a0objednan\u00ed\u00a0tovaru\u00a0s\u00fahlas\u00a0s\u00a0t\u00fdmito\u00a0obchodn\u00fdmi\u00a0podmienkami,\u00a0st\u00e1vaj\u00fa\u00a0sa\u00a0pre\u00a0obe\u00a0strany\u00a0z\u00e1v\u00e4zn\u00e9. PROCES OBJEDNANIA TOVARU Predmetom\u00a0objedn\u00e1vky\u00a0m\u00f4\u017ee\u00a0by\u0165\u00a0len\u00a0tovar\u00a0uveden\u00fd\u00a0na\u00a0www.merlaj.sk.\u00a0Kupuj\u00faci\u00a0si\u00a0objedn\u00e1\u00a0tovar\u00a0tak,\u00a0\u017ee\u00a0si\u00a0ho z\u00a0ponuky\u00a0vyberie\u00a0do\u00a0svojho\u00a0ko\u0161\u00edka.\u00a0Dokon\u010denie\u00a0objedn\u00e1vky\u00a0uskuto\u010dn\u00ed\u00a0kupuj\u00faci\u00a0v\u00a0n\u00e1kupnom\u00a0ko\u0161\u00edku. V\u00a0prvom\u00a0kroku\u00a0vid\u00ed\u00a0preh\u013ead\u00a0vybran\u00e9ho\u00a0tovaru.\u00a0N\u00e1sledne\u00a0si\u00a0zvol\u00ed\u00a0adresu\u00a0doru\u010denia\u00a0a\u00a0faktura\u010dn\u00fa\u00a0adresu,\u00a0vyberie\u00a0si\u00a0sp\u00f4sob\u00a0dopravy,\u00a0sp\u00f4sob\u00a0platby\u00a0a\u00a0vyjadr\u00ed\u00a0s\u00fahlas\u00a0s\u00a0obchodn\u00fdmi\u00a0podmienkami.\u00a0Kliknut\u00edm\u00a0na\u00a0tla\u010didlo\u00a0\u201eObjedna\u0165\u00a0s\u00a0povinnos\u0165ou\u00a0platby\u201c\u00a0si\u00a0tovar\u00a0z\u00e1v\u00e4zne\u00a0objedn\u00e1. Po\u00a0tomto\u00a0kroku\u00a0nie\u00a0je\u00a0mo\u017en\u00e9\u00a0objedn\u00e1vku\u00a0stornova\u0165. Kupuj\u00faci\u00a0je v\u00a0objedn\u00e1vke\u00a0povinn\u00fd\u00a0pravdivo\u00a0vyplni\u0165\u00a0povinn\u00e9\u00a0\u00fadaje,\u00a0ktor\u00e9\u00a0sl\u00fa\u017eia\u00a0pre\u00a0spr\u00e1vne\u00a0doru\u010denie\u00a0objednan\u00e9ho\u00a0tovaru\u00a0a\u00a0vystavenie\u00a0da\u0148ov\u00e9ho\u00a0dokladu. U\u00a0fyzick\u00fdch\u00a0os\u00f4b\u00a0je to\u00a0meno,\u00a0priezvisko,\u00a0adresa\u00a0trval\u00e9ho\u00a0pobytu,\u00a0adresa\u00a0doru\u010denia\u00a0tovaru\u00a0(ak\u00a0nie\u00a0je\u00a0zhodn\u00e1\u00a0s\u00a0adresou\u00a0trval\u00e9ho\u00a0pobytu),\u00a0emailov\u00e1\u00a0adresa\u00a0a\u00a0\u010d\u00edslo\u00a0telef\u00f3nu,\u00a0na\u00a0ktorom\u00a0je\u00a0mo\u017en\u00e9\u00a0kupuj\u00faceho\u00a0kontaktova\u0165\u00a0za\u00a0\u00fa\u010delom\u00a0potvrdenia\u00a0objedn\u00e1vky. STORNO OBJEDN\u00c1VKY Po\u00a0z\u00e1v\u00e4znom\u00a0objednan\u00ed\u00a0tovaru\u00a0nie\u00a0je\u00a0mo\u017en\u00e9\u00a0objedn\u00e1vku\u00a0stornova\u0165. POVINNOSTI PRED\u00c1VAJ\u00daCEHO Pred\u00e1vaj\u00faci\u00a0sa\u00a0zav\u00e4zuje:\u00a0Doda\u0165\u00a0dan\u00fd\u00a0druh\u00a0a\u00a0mno\u017estvo\u00a0tovaru\u00a0na\u00a0z\u00e1klade\u00a0objedn\u00e1vky\u00a0kupuj\u00faceho\u00a0v\u00a0cene\u00a0platnej\u00a0v\u00a0\u010dase\u00a0vystavenia\u00a0objedn\u00e1vky\u00a0a za\u00a0dohodnut\u00fdch\u00a0platobn\u00fdch\u00a0podmienok,\u00a0objednan\u00fd\u00a0tovar\u00a0adekv\u00e1tne\u00a0zabalen\u00fd\u00a0zasla\u0165\u00a0v\u00a0stanovenej\u00a0lehote 14 dn\u00ed\u00a0kupuj\u00facemu\u00a0na\u00a0n\u00edm\u00a0ur\u010den\u00fa\u00a0adresu\u00a0doru\u010denia.\u00a0Da\u0148ov\u00fd\u00a0doklad\u00a0o\u00a0predaji,\u00a0t.j.\u00a0fakt\u00faru,\u00a0po\u0161le\u00a0pred\u00e1vaj\u00faci\u00a0kupuj\u00facemu\u00a0mailom.\u00a0Pred\u00e1vaj\u00faci\u00a0nenesie\u00a0zodpovednos\u0165: Za\u00a0oneskoren\u00e9\u00a0dodanie\u00a0tovaru\u00a0zavinen\u00e9\u00a0kuri\u00e9rskou\u00a0spolo\u010dnos\u0165ou\u00a0a za\u00a0po\u0161kodenie\u00a0z\u00e1sielky\u00a0zavinen\u00e9\u00a0kuri\u00e9rskou\u00a0spolo\u010dnos\u0165ou. Ak\u00a0d\u00f4jde\u00a0naraz\u00a0k\u00a0objednaniu\u00a0v\u00e4\u010d\u0161ieho\u00a0mno\u017estva\u00a0tovaru\u00a0viacer\u00fdmi\u00a0kupuj\u00facimi,\u00a0pred\u00e1vaj\u00faci\u00a0m\u00e1\u00a0pr\u00e1vo\u00a0kontaktova\u0165\u00a0kupuj\u00faceho\u00a0do 24\u00a0hod\u00edn\u00a0od\u00a0objednania\u00a0tovaru\u00a0a\u00a0dohodn\u00fa\u0165\u00a0si\u00a0s\u00a0n\u00edm\u00a0n\u00e1hradn\u00fd\u00a0term\u00edn\u00a0dodania,\u00a0pr\u00edpadne\u00a0zmenu\u00a0objedn\u00e1vky. POVINNOSTI KUPUJ\u00daCEHO Kupuj\u00faci\u00a0sa\u00a0zav\u00e4zuje: V\u00a0objedn\u00e1vke\u00a0resp. v\u00a0registr\u00e1cii\u00a0uvies\u0165\u00a0v\u00fdlu\u010dne\u00a0pravdiv\u00e9\u00a0\u00fadaje,\u00a0tak\u00a0aby bolo\u00a0mo\u017en\u00e9\u00a0spr\u00e1vne\u00a0a\u00a0v\u010das\u00a0doru\u010di\u0165\u00a0objednan\u00fd\u00a0tovar.\u00a0Zaplati\u0165\u00a0za\u00a0tovar\u00a0k\u00fapnu\u00a0cenu\u00a0v\u00a0plnej\u00a0v\u00fd\u0161ke, v\u00a0stanovenej\u00a0lehote\u00a0splatnosti\u00a0a v\u00a0zmysle\u00a0obchodn\u00fdch\u00a0podmienok\u00a0platn\u00fdch\u00a0v\u00a0de\u0148\u00a0odoslania [&hellip;]<\/p>\n","protected":false},"author":1,"featured_media":0,"parent":0,"menu_order":0,"comment_status":"closed","ping_status":"closed","template":"","meta":[],"_links":{"self":[{"href":"https:\/\/merlaj.sk\/en\/wp-json\/wp\/v2\/pages\/11425"}],"collection":[{"href":"https:\/\/merlaj.sk\/en\/wp-json\/wp\/v2\/pages"}],"about":[{"href":"https:\/\/merlaj.sk\/en\/wp-json\/wp\/v2\/types\/page"}],"author":[{"embeddable":true,"href":"https:\/\/merlaj.sk\/en\/wp-json\/wp\/v2\/users\/1"}],"replies":[{"embeddable":true,"href":"https:\/\/merlaj.sk\/en\/wp-json\/wp\/v2\/comments?post=11425"}],"version-history":[{"count":8,"href":"https:\/\/merlaj.sk\/en\/wp-json\/wp\/v2\/pages\/11425\/revisions"}],"predecessor-version":[{"id":11456,"href":"https:\/\/merlaj.sk\/en\/wp-json\/wp\/v2\/pages\/11425\/revisions\/11456"}],"wp:attachment":[{"href":"https:\/\/merlaj.sk\/en\/wp-json\/wp\/v2\/media?parent=11425"}],"curies":[{"name":"wp","href":"https:\/\/api.w.org\/{rel}","templated":true}]}}